{"id":33,"date":"2022-03-28T19:31:33","date_gmt":"2022-03-28T10:31:33","guid":{"rendered":"https:\/\/www.mignon.miyoshiya-dx-service.com\/?page_id=33"},"modified":"2023-04-06T20:17:46","modified_gmt":"2023-04-06T11:17:46","slug":"%e3%83%9b%e3%83%bc%e3%83%a0%e3%83%88%e3%83%83%e3%83%97","status":"publish","type":"page","link":"https:\/\/www.mignon.miyoshiya-dx-service.com\/","title":{"rendered":"\u30db\u30fc\u30e0\u30c8\u30c3\u30d7"},"content":{"rendered":"\n<div style=\"height:16px\" aria-hidden=\"true\" class=\"wp-block-spacer\"><\/div>\n\n\n\n<figure class=\"wp-block-image alignwide size-large\"><img loading=\"lazy\" decoding=\"async\" width=\"1024\" height=\"81\" src=\"https:\/\/www.mignon.miyoshiya-dx-service.com\/wp-content\/uploads\/2023\/04\/mignon\u3000TOP-1900-\u00d7-150-px-3-1024x81.png\" alt=\"\" class=\"wp-image-241\" srcset=\"https:\/\/www.mignon.miyoshiya-dx-service.com\/wp-content\/uploads\/2023\/04\/mignon\u3000TOP-1900-\u00d7-150-px-3-1024x81.png 1024w, https:\/\/www.mignon.miyoshiya-dx-service.com\/wp-content\/uploads\/2023\/04\/mignon\u3000TOP-1900-\u00d7-150-px-3-300x24.png 300w, https:\/\/www.mignon.miyoshiya-dx-service.com\/wp-content\/uploads\/2023\/04\/mignon\u3000TOP-1900-\u00d7-150-px-3-768x61.png 768w, https:\/\/www.mignon.miyoshiya-dx-service.com\/wp-content\/uploads\/2023\/04\/mignon\u3000TOP-1900-\u00d7-150-px-3-1536x121.png 1536w, https:\/\/www.mignon.miyoshiya-dx-service.com\/wp-content\/uploads\/2023\/04\/mignon\u3000TOP-1900-\u00d7-150-px-3.png 1900w\" sizes=\"auto, (max-width: 1024px) 100vw, 1024px\" \/><\/figure>\n\n\n<ul class=\"wp-block-latest-posts__list wp-block-latest-posts\"><li><a class=\"wp-block-latest-posts__post-title\" href=\"https:\/\/www.mignon.miyoshiya-dx-service.com\/?p=1\">Hello world!<\/a><\/li>\n<\/ul>\n\n\n<figure class=\"wp-block-image alignwide size-large\"><img loading=\"lazy\" decoding=\"async\" width=\"1024\" height=\"81\" src=\"https:\/\/www.mignon.miyoshiya-dx-service.com\/wp-content\/uploads\/2023\/04\/mignon-\u30b5\u30ed\u30f3\u60c5\u58311900-\u00d7-150-px-1024x81.png\" alt=\"\" class=\"wp-image-244\" srcset=\"https:\/\/www.mignon.miyoshiya-dx-service.com\/wp-content\/uploads\/2023\/04\/mignon-\u30b5\u30ed\u30f3\u60c5\u58311900-\u00d7-150-px-1024x81.png 1024w, https:\/\/www.mignon.miyoshiya-dx-service.com\/wp-content\/uploads\/2023\/04\/mignon-\u30b5\u30ed\u30f3\u60c5\u58311900-\u00d7-150-px-300x24.png 300w, https:\/\/www.mignon.miyoshiya-dx-service.com\/wp-content\/uploads\/2023\/04\/mignon-\u30b5\u30ed\u30f3\u60c5\u58311900-\u00d7-150-px-768x61.png 768w, https:\/\/www.mignon.miyoshiya-dx-service.com\/wp-content\/uploads\/2023\/04\/mignon-\u30b5\u30ed\u30f3\u60c5\u58311900-\u00d7-150-px-1536x121.png 1536w, https:\/\/www.mignon.miyoshiya-dx-service.com\/wp-content\/uploads\/2023\/04\/mignon-\u30b5\u30ed\u30f3\u60c5\u58311900-\u00d7-150-px.png 1900w\" sizes=\"auto, (max-width: 1024px) 100vw, 1024px\" \/><\/figure>\n\n\n\n<div style=\"height:10px\" aria-hidden=\"true\" class=\"wp-block-spacer\"><\/div>\n\n\n\n<div class=\"wp-block-group\"><div class=\"wp-block-group__inner-container is-layout-flow wp-block-group-is-layout-flow\">\n<figure class=\"wp-block-table is-style-vk-table-border-stripes\"><table class=\"has-black-color has-white-background-color has-text-color has-background\"><tbody><tr><td class=\"has-text-align-center\" data-align=\"center\"><span data-fontsize=\"15px\" style=\"font-size: 15px;\" class=\"vk_inline-font-size\">\u5e97\u540d<\/span><\/td><td class=\"has-text-align-center\" data-align=\"center\"><span data-fontsize=\"15px\" style=\"font-size: 15px;\" class=\"vk_inline-font-size\">\u6075\u6bd4\u5bff\u306e\u7f8e\u5bb9\u5ba4\u3010Mignon\u3011\u307f\u306b\u3087\u3093<\/span><\/td><\/tr><tr><td class=\"has-text-align-center\" data-align=\"center\"><span data-fontsize=\"15px\" style=\"font-size: 15px;\" class=\"vk_inline-font-size\">\u4f4f\u6240<\/span><\/td><td class=\"has-text-align-center\" data-align=\"center\"><span data-fontsize=\"15px\" style=\"font-size: 15px;\" class=\"vk_inline-font-size\">\u3012150-0022&nbsp; <br>\u6771\u4eac\u90fd\u6e0b\u8c37\u533a\u6075\u6bd4\u5bff\u53571-2-6<br>\u30b5\u30f3\u30dd\u30a6 \u30a8\u30d3\u30b9\u30d3\u30eb2F<\/span><\/td><\/tr><tr><td class=\"has-text-align-center\" data-align=\"center\"><span data-fontsize=\"15px\" style=\"font-size: 15px;\" class=\"vk_inline-font-size\">\u6700\u5bc4\u99c5<\/span><\/td><td class=\"has-text-align-center\" data-align=\"center\"><span data-fontsize=\"15px\" style=\"font-size: 15px;\" class=\"vk_inline-font-size\">JR\u7dda\u300c\u6075\u6bd4\u5bff\u99c5\u300d\u5f92\u6b692\u5206<br>\u65e5\u6bd4\u8c37\u7dda\u300c\u6075\u6bd4\u5bff\u99c5\u300d5\u756a\u51fa\u53e3 \u5f92\u6b691\u5206<\/span><\/td><\/tr><tr><td class=\"has-text-align-center\" data-align=\"center\"><span data-fontsize=\"15px\" style=\"font-size: 15px;\" class=\"vk_inline-font-size\">\u96fb\u8a71<br>\u756a\u53f7<\/span><\/td><td class=\"has-text-align-center\" data-align=\"center\"><span data-fontsize=\"15px\" style=\"font-size: 15px;\" class=\"vk_inline-font-size\">03-3793-4437<\/span><\/td><\/tr><tr><td class=\"has-text-align-center\" data-align=\"center\"><span data-fontsize=\"15px\" style=\"font-size: 15px;\" class=\"vk_inline-font-size\">\u55b6\u696d<br>\u6642\u9593<\/span><\/td><td class=\"has-text-align-center\" data-align=\"center\"><span data-fontsize=\"15px\" style=\"font-size: 15px;\" class=\"vk_inline-font-size\">10\uff1a00\uff5e20\uff1a00<\/span><br><span data-fontsize=\"15px\" style=\"font-size: 15px;\" class=\"vk_inline-font-size\">\u203b\u65e5\u66dc\u306e\u307f10\uff1a00\uff5e16\uff1a00<\/span><\/td><\/tr><tr><td class=\"has-text-align-center\" data-align=\"center\"><span data-fontsize=\"15px\" style=\"font-size: 15px;\" class=\"vk_inline-font-size\">\u5b9a\u4f11\u65e5<\/span><\/td><td class=\"has-text-align-center\" data-align=\"center\"><span data-fontsize=\"15px\" style=\"font-size: 15px;\" class=\"vk_inline-font-size\">\u6708\u66dc\u65e5<\/span><br>\u3000<span data-fontsize=\"12px\" style=\"font-size: 12px;\" class=\"vk_inline-font-size\"><mark style=\"background-color:rgba(0, 0, 0, 0)\" class=\"has-inline-color has-vivid-red-color\">\u203b\u81e8\u6642\u4f11\u696d\u306f\u500b\u5225\u306b\u304a\u77e5\u3089\u305b\u3044\u305f\u3057\u307e\u3059\u3002<\/mark><\/span><\/td><\/tr><tr><td class=\"has-text-align-center\" data-align=\"center\"><span data-fontsize=\"15px\" style=\"font-size: 15px;\" class=\"vk_inline-font-size\">\u652f\u6255<br>\u65b9\u6cd5<\/span><span data-fontsize=\"16px\" style=\"font-size: 16px;\" class=\"vk_inline-font-size\"><\/span><\/td><td class=\"has-text-align-center\" data-align=\"center\"><span data-fontsize=\"15px\" style=\"font-size: 15px;\" class=\"vk_inline-font-size\">\u73fe\u91d1\/\u5404\u7a2e\u30af\u30ec\u30b8\u30c3\u30c8\u30ab\u30fc\u30c9<\/span><\/td><\/tr><tr><td class=\"has-text-align-center\" data-align=\"center\"><span data-fontsize=\"15px\" style=\"font-size: 15px;\" class=\"vk_inline-font-size\">\u5099\u8003<\/span><\/td><td class=\"has-text-align-center\" data-align=\"center\"><\/td><\/tr><\/tbody><\/table><\/figure>\n<\/div><\/div>\n\n\n\n<figure class=\"wp-block-image alignwide size-large\"><img loading=\"lazy\" decoding=\"async\" width=\"1024\" height=\"81\" src=\"https:\/\/www.mignon.miyoshiya-dx-service.com\/wp-content\/uploads\/2023\/04\/mignon-\u30b5\u30fc\u30d3\u30b9\u30e1\u30cb\u30e5\u30fc-1900-\u00d7-150-px-1024x81.png\" alt=\"\" class=\"wp-image-262\" srcset=\"https:\/\/www.mignon.miyoshiya-dx-service.com\/wp-content\/uploads\/2023\/04\/mignon-\u30b5\u30fc\u30d3\u30b9\u30e1\u30cb\u30e5\u30fc-1900-\u00d7-150-px-1024x81.png 1024w, https:\/\/www.mignon.miyoshiya-dx-service.com\/wp-content\/uploads\/2023\/04\/mignon-\u30b5\u30fc\u30d3\u30b9\u30e1\u30cb\u30e5\u30fc-1900-\u00d7-150-px-300x24.png 300w, https:\/\/www.mignon.miyoshiya-dx-service.com\/wp-content\/uploads\/2023\/04\/mignon-\u30b5\u30fc\u30d3\u30b9\u30e1\u30cb\u30e5\u30fc-1900-\u00d7-150-px-768x61.png 768w, https:\/\/www.mignon.miyoshiya-dx-service.com\/wp-content\/uploads\/2023\/04\/mignon-\u30b5\u30fc\u30d3\u30b9\u30e1\u30cb\u30e5\u30fc-1900-\u00d7-150-px-1536x121.png 1536w, https:\/\/www.mignon.miyoshiya-dx-service.com\/wp-content\/uploads\/2023\/04\/mignon-\u30b5\u30fc\u30d3\u30b9\u30e1\u30cb\u30e5\u30fc-1900-\u00d7-150-px.png 1900w\" sizes=\"auto, (max-width: 1024px) 100vw, 1024px\" \/><\/figure>\n\n\n<div class=\"wp-block-image\">\n<figure class=\"alignleft size-large\"><img loading=\"lazy\" decoding=\"async\" width=\"1024\" height=\"81\" src=\"https:\/\/www.mignon.miyoshiya-dx-service.com\/wp-content\/uploads\/2023\/04\/\u30ab\u30c3\u30c81900-\u00d7-150-px-1024x81.png\" alt=\"\" class=\"wp-image-280\" srcset=\"https:\/\/www.mignon.miyoshiya-dx-service.com\/wp-content\/uploads\/2023\/04\/\u30ab\u30c3\u30c81900-\u00d7-150-px-1024x81.png 1024w, https:\/\/www.mignon.miyoshiya-dx-service.com\/wp-content\/uploads\/2023\/04\/\u30ab\u30c3\u30c81900-\u00d7-150-px-300x24.png 300w, https:\/\/www.mignon.miyoshiya-dx-service.com\/wp-content\/uploads\/2023\/04\/\u30ab\u30c3\u30c81900-\u00d7-150-px-768x61.png 768w, https:\/\/www.mignon.miyoshiya-dx-service.com\/wp-content\/uploads\/2023\/04\/\u30ab\u30c3\u30c81900-\u00d7-150-px-1536x121.png 1536w, https:\/\/www.mignon.miyoshiya-dx-service.com\/wp-content\/uploads\/2023\/04\/\u30ab\u30c3\u30c81900-\u00d7-150-px.png 1900w\" sizes=\"auto, (max-width: 1024px) 100vw, 1024px\" \/><\/figure>\n<\/div>\n\n<div class=\"wp-block-image is-style-default\">\n<figure class=\"aligncenter size-large\"><img loading=\"lazy\" decoding=\"async\" width=\"1024\" height=\"269\" src=\"https:\/\/www.mignon.miyoshiya-dx-service.com\/wp-content\/uploads\/2023\/04\/\u30df\u30cb\u30e7\u30f3\u69d8\u30ab\u30c3\u30c8\u30e1\u30cb\u30e5\u30fc1900-\u00d7-500-px-1024x269.png\" alt=\"\" class=\"wp-image-324\" srcset=\"https:\/\/www.mignon.miyoshiya-dx-service.com\/wp-content\/uploads\/2023\/04\/\u30df\u30cb\u30e7\u30f3\u69d8\u30ab\u30c3\u30c8\u30e1\u30cb\u30e5\u30fc1900-\u00d7-500-px-1024x269.png 1024w, https:\/\/www.mignon.miyoshiya-dx-service.com\/wp-content\/uploads\/2023\/04\/\u30df\u30cb\u30e7\u30f3\u69d8\u30ab\u30c3\u30c8\u30e1\u30cb\u30e5\u30fc1900-\u00d7-500-px-300x79.png 300w, https:\/\/www.mignon.miyoshiya-dx-service.com\/wp-content\/uploads\/2023\/04\/\u30df\u30cb\u30e7\u30f3\u69d8\u30ab\u30c3\u30c8\u30e1\u30cb\u30e5\u30fc1900-\u00d7-500-px-768x202.png 768w, https:\/\/www.mignon.miyoshiya-dx-service.com\/wp-content\/uploads\/2023\/04\/\u30df\u30cb\u30e7\u30f3\u69d8\u30ab\u30c3\u30c8\u30e1\u30cb\u30e5\u30fc1900-\u00d7-500-px-1536x404.png 1536w, https:\/\/www.mignon.miyoshiya-dx-service.com\/wp-content\/uploads\/2023\/04\/\u30df\u30cb\u30e7\u30f3\u69d8\u30ab\u30c3\u30c8\u30e1\u30cb\u30e5\u30fc1900-\u00d7-500-px.png 1900w\" sizes=\"auto, (max-width: 1024px) 100vw, 1024px\" \/><\/figure>\n<\/div>\n\n\n<div style=\"height:10px\" aria-hidden=\"true\" class=\"wp-block-spacer\"><\/div>\n\n\n\n<div style=\"height:10px\" aria-hidden=\"true\" class=\"wp-block-spacer\"><\/div>\n\n\n<div class=\"wp-block-image\">\n<figure class=\"alignleft size-large\"><img loading=\"lazy\" decoding=\"async\" width=\"1024\" height=\"81\" src=\"https:\/\/www.mignon.miyoshiya-dx-service.com\/wp-content\/uploads\/2023\/04\/\u30ab\u30e9\u30fc-1900-\u00d7-150-px-1024x81.png\" alt=\"\" class=\"wp-image-283\" srcset=\"https:\/\/www.mignon.miyoshiya-dx-service.com\/wp-content\/uploads\/2023\/04\/\u30ab\u30e9\u30fc-1900-\u00d7-150-px-1024x81.png 1024w, https:\/\/www.mignon.miyoshiya-dx-service.com\/wp-content\/uploads\/2023\/04\/\u30ab\u30e9\u30fc-1900-\u00d7-150-px-300x24.png 300w, https:\/\/www.mignon.miyoshiya-dx-service.com\/wp-content\/uploads\/2023\/04\/\u30ab\u30e9\u30fc-1900-\u00d7-150-px-768x61.png 768w, https:\/\/www.mignon.miyoshiya-dx-service.com\/wp-content\/uploads\/2023\/04\/\u30ab\u30e9\u30fc-1900-\u00d7-150-px-1536x121.png 1536w, https:\/\/www.mignon.miyoshiya-dx-service.com\/wp-content\/uploads\/2023\/04\/\u30ab\u30e9\u30fc-1900-\u00d7-150-px.png 1900w\" sizes=\"auto, (max-width: 1024px) 100vw, 1024px\" \/><\/figure>\n<\/div>\n\n\n<div style=\"height:6px\" aria-hidden=\"true\" class=\"wp-block-spacer\"><\/div>\n\n\n<div class=\"wp-block-image\">\n<figure class=\"aligncenter size-large\"><img loading=\"lazy\" decoding=\"async\" width=\"1024\" height=\"485\" src=\"https:\/\/www.mignon.miyoshiya-dx-service.com\/wp-content\/uploads\/2023\/04\/\u30df\u30cb\u30e7\u30f3\u69d8\u30ab\u30e9\u30fc\u30e1\u30cb\u30e5\u30fc1900-\u00d7-500-px-1900-\u00d7-900-px-2-1024x485.png\" alt=\"\" class=\"wp-image-322\" srcset=\"https:\/\/www.mignon.miyoshiya-dx-service.com\/wp-content\/uploads\/2023\/04\/\u30df\u30cb\u30e7\u30f3\u69d8\u30ab\u30e9\u30fc\u30e1\u30cb\u30e5\u30fc1900-\u00d7-500-px-1900-\u00d7-900-px-2-1024x485.png 1024w, https:\/\/www.mignon.miyoshiya-dx-service.com\/wp-content\/uploads\/2023\/04\/\u30df\u30cb\u30e7\u30f3\u69d8\u30ab\u30e9\u30fc\u30e1\u30cb\u30e5\u30fc1900-\u00d7-500-px-1900-\u00d7-900-px-2-300x142.png 300w, https:\/\/www.mignon.miyoshiya-dx-service.com\/wp-content\/uploads\/2023\/04\/\u30df\u30cb\u30e7\u30f3\u69d8\u30ab\u30e9\u30fc\u30e1\u30cb\u30e5\u30fc1900-\u00d7-500-px-1900-\u00d7-900-px-2-768x364.png 768w, https:\/\/www.mignon.miyoshiya-dx-service.com\/wp-content\/uploads\/2023\/04\/\u30df\u30cb\u30e7\u30f3\u69d8\u30ab\u30e9\u30fc\u30e1\u30cb\u30e5\u30fc1900-\u00d7-500-px-1900-\u00d7-900-px-2-1536x728.png 1536w, https:\/\/www.mignon.miyoshiya-dx-service.com\/wp-content\/uploads\/2023\/04\/\u30df\u30cb\u30e7\u30f3\u69d8\u30ab\u30e9\u30fc\u30e1\u30cb\u30e5\u30fc1900-\u00d7-500-px-1900-\u00d7-900-px-2.png 1900w\" sizes=\"auto, (max-width: 1024px) 100vw, 1024px\" \/><\/figure>\n<\/div>\n\n\n<div style=\"height:10px\" aria-hidden=\"true\" class=\"wp-block-spacer\"><\/div>\n\n\n<div class=\"wp-block-image\">\n<figure class=\"alignleft size-large\"><img loading=\"lazy\" decoding=\"async\" width=\"1024\" height=\"81\" src=\"https:\/\/www.mignon.miyoshiya-dx-service.com\/wp-content\/uploads\/2023\/04\/\u30d1\u30fc\u30de-1900-\u00d7-150-px-1-1024x81.png\" alt=\"\" class=\"wp-image-290\" srcset=\"https:\/\/www.mignon.miyoshiya-dx-service.com\/wp-content\/uploads\/2023\/04\/\u30d1\u30fc\u30de-1900-\u00d7-150-px-1-1024x81.png 1024w, https:\/\/www.mignon.miyoshiya-dx-service.com\/wp-content\/uploads\/2023\/04\/\u30d1\u30fc\u30de-1900-\u00d7-150-px-1-300x24.png 300w, https:\/\/www.mignon.miyoshiya-dx-service.com\/wp-content\/uploads\/2023\/04\/\u30d1\u30fc\u30de-1900-\u00d7-150-px-1-768x61.png 768w, https:\/\/www.mignon.miyoshiya-dx-service.com\/wp-content\/uploads\/2023\/04\/\u30d1\u30fc\u30de-1900-\u00d7-150-px-1-1536x121.png 1536w, https:\/\/www.mignon.miyoshiya-dx-service.com\/wp-content\/uploads\/2023\/04\/\u30d1\u30fc\u30de-1900-\u00d7-150-px-1.png 1900w\" sizes=\"auto, (max-width: 1024px) 100vw, 1024px\" \/><\/figure>\n<\/div>\n\n\n<div style=\"height:10px\" aria-hidden=\"true\" class=\"wp-block-spacer\"><\/div>\n\n\n<div class=\"wp-block-image\">\n<figure class=\"aligncenter size-large\"><img loading=\"lazy\" decoding=\"async\" width=\"1024\" height=\"269\" src=\"https:\/\/www.mignon.miyoshiya-dx-service.com\/wp-content\/uploads\/2023\/04\/\u30df\u30cb\u30e7\u30f3\u69d8\u30d1\u30fc\u30de\u30e1\u30cb\u30e5\u30fc-1900-\u00d7-500-px-1-1024x269.png\" alt=\"\" class=\"wp-image-318\" srcset=\"https:\/\/www.mignon.miyoshiya-dx-service.com\/wp-content\/uploads\/2023\/04\/\u30df\u30cb\u30e7\u30f3\u69d8\u30d1\u30fc\u30de\u30e1\u30cb\u30e5\u30fc-1900-\u00d7-500-px-1-1024x269.png 1024w, https:\/\/www.mignon.miyoshiya-dx-service.com\/wp-content\/uploads\/2023\/04\/\u30df\u30cb\u30e7\u30f3\u69d8\u30d1\u30fc\u30de\u30e1\u30cb\u30e5\u30fc-1900-\u00d7-500-px-1-300x79.png 300w, https:\/\/www.mignon.miyoshiya-dx-service.com\/wp-content\/uploads\/2023\/04\/\u30df\u30cb\u30e7\u30f3\u69d8\u30d1\u30fc\u30de\u30e1\u30cb\u30e5\u30fc-1900-\u00d7-500-px-1-768x202.png 768w, https:\/\/www.mignon.miyoshiya-dx-service.com\/wp-content\/uploads\/2023\/04\/\u30df\u30cb\u30e7\u30f3\u69d8\u30d1\u30fc\u30de\u30e1\u30cb\u30e5\u30fc-1900-\u00d7-500-px-1-1536x404.png 1536w, https:\/\/www.mignon.miyoshiya-dx-service.com\/wp-content\/uploads\/2023\/04\/\u30df\u30cb\u30e7\u30f3\u69d8\u30d1\u30fc\u30de\u30e1\u30cb\u30e5\u30fc-1900-\u00d7-500-px-1.png 1900w\" sizes=\"auto, (max-width: 1024px) 100vw, 1024px\" \/><\/figure>\n<\/div>\n\n\n<div style=\"height:10px\" aria-hidden=\"true\" class=\"wp-block-spacer\"><\/div>\n\n\n\n<div style=\"height:16px\" aria-hidden=\"true\" class=\"wp-block-spacer\"><\/div>\n\n\n\n<figure class=\"wp-block-image size-large\"><img loading=\"lazy\" decoding=\"async\" width=\"1024\" height=\"81\" src=\"https:\/\/www.mignon.miyoshiya-dx-service.com\/wp-content\/uploads\/2023\/04\/\u30c8\u30ea\u30fc\u30c8\u30e1\u30f3\u30c8-1900-\u00d7-150-px-1024x81.png\" alt=\"\" class=\"wp-image-294\" srcset=\"https:\/\/www.mignon.miyoshiya-dx-service.com\/wp-content\/uploads\/2023\/04\/\u30c8\u30ea\u30fc\u30c8\u30e1\u30f3\u30c8-1900-\u00d7-150-px-1024x81.png 1024w, https:\/\/www.mignon.miyoshiya-dx-service.com\/wp-content\/uploads\/2023\/04\/\u30c8\u30ea\u30fc\u30c8\u30e1\u30f3\u30c8-1900-\u00d7-150-px-300x24.png 300w, https:\/\/www.mignon.miyoshiya-dx-service.com\/wp-content\/uploads\/2023\/04\/\u30c8\u30ea\u30fc\u30c8\u30e1\u30f3\u30c8-1900-\u00d7-150-px-768x61.png 768w, https:\/\/www.mignon.miyoshiya-dx-service.com\/wp-content\/uploads\/2023\/04\/\u30c8\u30ea\u30fc\u30c8\u30e1\u30f3\u30c8-1900-\u00d7-150-px-1536x121.png 1536w, https:\/\/www.mignon.miyoshiya-dx-service.com\/wp-content\/uploads\/2023\/04\/\u30c8\u30ea\u30fc\u30c8\u30e1\u30f3\u30c8-1900-\u00d7-150-px.png 1900w\" sizes=\"auto, (max-width: 1024px) 100vw, 1024px\" \/><\/figure>\n\n\n\n<div style=\"height:10px\" aria-hidden=\"true\" class=\"wp-block-spacer\"><\/div>\n\n\n<div class=\"wp-block-image\">\n<figure class=\"aligncenter size-large\"><img loading=\"lazy\" decoding=\"async\" width=\"1024\" height=\"269\" src=\"https:\/\/www.mignon.miyoshiya-dx-service.com\/wp-content\/uploads\/2023\/04\/\u30df\u30cb\u30e7\u30f3\u69d8\u30c8\u30ea\u30fc\u30c8\u30e1\u30f3\u30c8\u30e1\u30cb\u30e5\u30fc-1900-\u00d7-250-px-1900-\u00d7-500-px-2-1024x269.png\" alt=\"\" class=\"wp-image-320\" srcset=\"https:\/\/www.mignon.miyoshiya-dx-service.com\/wp-content\/uploads\/2023\/04\/\u30df\u30cb\u30e7\u30f3\u69d8\u30c8\u30ea\u30fc\u30c8\u30e1\u30f3\u30c8\u30e1\u30cb\u30e5\u30fc-1900-\u00d7-250-px-1900-\u00d7-500-px-2-1024x269.png 1024w, https:\/\/www.mignon.miyoshiya-dx-service.com\/wp-content\/uploads\/2023\/04\/\u30df\u30cb\u30e7\u30f3\u69d8\u30c8\u30ea\u30fc\u30c8\u30e1\u30f3\u30c8\u30e1\u30cb\u30e5\u30fc-1900-\u00d7-250-px-1900-\u00d7-500-px-2-300x79.png 300w, https:\/\/www.mignon.miyoshiya-dx-service.com\/wp-content\/uploads\/2023\/04\/\u30df\u30cb\u30e7\u30f3\u69d8\u30c8\u30ea\u30fc\u30c8\u30e1\u30f3\u30c8\u30e1\u30cb\u30e5\u30fc-1900-\u00d7-250-px-1900-\u00d7-500-px-2-768x202.png 768w, https:\/\/www.mignon.miyoshiya-dx-service.com\/wp-content\/uploads\/2023\/04\/\u30df\u30cb\u30e7\u30f3\u69d8\u30c8\u30ea\u30fc\u30c8\u30e1\u30f3\u30c8\u30e1\u30cb\u30e5\u30fc-1900-\u00d7-250-px-1900-\u00d7-500-px-2-1536x404.png 1536w, https:\/\/www.mignon.miyoshiya-dx-service.com\/wp-content\/uploads\/2023\/04\/\u30df\u30cb\u30e7\u30f3\u69d8\u30c8\u30ea\u30fc\u30c8\u30e1\u30f3\u30c8\u30e1\u30cb\u30e5\u30fc-1900-\u00d7-250-px-1900-\u00d7-500-px-2.png 1900w\" sizes=\"auto, (max-width: 1024px) 100vw, 1024px\" \/><\/figure>\n<\/div>\n\n\n<div style=\"height:23px\" aria-hidden=\"true\" class=\"wp-block-spacer\"><\/div>\n\n\n<div class=\"wp-block-image\">\n<figure class=\"alignleft size-large\"><img loading=\"lazy\" decoding=\"async\" width=\"1024\" height=\"81\" src=\"https:\/\/www.mignon.miyoshiya-dx-service.com\/wp-content\/uploads\/2023\/04\/\u30d8\u30c3\u30c9\u30b9\u30d11900-\u00d7-150-px-1024x81.png\" alt=\"\" class=\"wp-image-306\" srcset=\"https:\/\/www.mignon.miyoshiya-dx-service.com\/wp-content\/uploads\/2023\/04\/\u30d8\u30c3\u30c9\u30b9\u30d11900-\u00d7-150-px-1024x81.png 1024w, https:\/\/www.mignon.miyoshiya-dx-service.com\/wp-content\/uploads\/2023\/04\/\u30d8\u30c3\u30c9\u30b9\u30d11900-\u00d7-150-px-300x24.png 300w, https:\/\/www.mignon.miyoshiya-dx-service.com\/wp-content\/uploads\/2023\/04\/\u30d8\u30c3\u30c9\u30b9\u30d11900-\u00d7-150-px-768x61.png 768w, https:\/\/www.mignon.miyoshiya-dx-service.com\/wp-content\/uploads\/2023\/04\/\u30d8\u30c3\u30c9\u30b9\u30d11900-\u00d7-150-px-1536x121.png 1536w, https:\/\/www.mignon.miyoshiya-dx-service.com\/wp-content\/uploads\/2023\/04\/\u30d8\u30c3\u30c9\u30b9\u30d11900-\u00d7-150-px.png 1900w\" sizes=\"auto, (max-width: 1024px) 100vw, 1024px\" \/><\/figure>\n<\/div>\n\n\n<figure class=\"wp-block-image size-large\"><img loading=\"lazy\" decoding=\"async\" width=\"1024\" height=\"647\" src=\"https:\/\/www.mignon.miyoshiya-dx-service.com\/wp-content\/uploads\/2023\/04\/mignon\u6700\u65b0\u60c5\u5831-1900-\u00d7-150-px-1900-\u00d7-750-px-1900-\u00d7-1200-px-1-1-1024x647.png\" alt=\"\" class=\"wp-image-263\" srcset=\"https:\/\/www.mignon.miyoshiya-dx-service.com\/wp-content\/uploads\/2023\/04\/mignon\u6700\u65b0\u60c5\u5831-1900-\u00d7-150-px-1900-\u00d7-750-px-1900-\u00d7-1200-px-1-1-1024x647.png 1024w, https:\/\/www.mignon.miyoshiya-dx-service.com\/wp-content\/uploads\/2023\/04\/mignon\u6700\u65b0\u60c5\u5831-1900-\u00d7-150-px-1900-\u00d7-750-px-1900-\u00d7-1200-px-1-1-300x189.png 300w, https:\/\/www.mignon.miyoshiya-dx-service.com\/wp-content\/uploads\/2023\/04\/mignon\u6700\u65b0\u60c5\u5831-1900-\u00d7-150-px-1900-\u00d7-750-px-1900-\u00d7-1200-px-1-1-768x485.png 768w, https:\/\/www.mignon.miyoshiya-dx-service.com\/wp-content\/uploads\/2023\/04\/mignon\u6700\u65b0\u60c5\u5831-1900-\u00d7-150-px-1900-\u00d7-750-px-1900-\u00d7-1200-px-1-1-1536x970.png 1536w, https:\/\/www.mignon.miyoshiya-dx-service.com\/wp-content\/uploads\/2023\/04\/mignon\u6700\u65b0\u60c5\u5831-1900-\u00d7-150-px-1900-\u00d7-750-px-1900-\u00d7-1200-px-1-1.png 1900w\" sizes=\"auto, (max-width: 1024px) 100vw, 1024px\" \/><\/figure>\n\n\n<div class=\"wp-block-image\">\n<figure class=\"aligncenter size-large\"><img loading=\"lazy\" decoding=\"async\" width=\"1024\" height=\"485\" src=\"https:\/\/www.mignon.miyoshiya-dx-service.com\/wp-content\/uploads\/2023\/04\/\u30df\u30cb\u30e7\u30f3\u69d8\u30d8\u30c3\u30c9\u30b9\u30d1\u30cb\u30e5\u30fc-1900-\u00d7-900-px-1024x485.png\" alt=\"\" class=\"wp-image-311\" srcset=\"https:\/\/www.mignon.miyoshiya-dx-service.com\/wp-content\/uploads\/2023\/04\/\u30df\u30cb\u30e7\u30f3\u69d8\u30d8\u30c3\u30c9\u30b9\u30d1\u30cb\u30e5\u30fc-1900-\u00d7-900-px-1024x485.png 1024w, https:\/\/www.mignon.miyoshiya-dx-service.com\/wp-content\/uploads\/2023\/04\/\u30df\u30cb\u30e7\u30f3\u69d8\u30d8\u30c3\u30c9\u30b9\u30d1\u30cb\u30e5\u30fc-1900-\u00d7-900-px-300x142.png 300w, https:\/\/www.mignon.miyoshiya-dx-service.com\/wp-content\/uploads\/2023\/04\/\u30df\u30cb\u30e7\u30f3\u69d8\u30d8\u30c3\u30c9\u30b9\u30d1\u30cb\u30e5\u30fc-1900-\u00d7-900-px-768x364.png 768w, https:\/\/www.mignon.miyoshiya-dx-service.com\/wp-content\/uploads\/2023\/04\/\u30df\u30cb\u30e7\u30f3\u69d8\u30d8\u30c3\u30c9\u30b9\u30d1\u30cb\u30e5\u30fc-1900-\u00d7-900-px-1536x728.png 1536w, https:\/\/www.mignon.miyoshiya-dx-service.com\/wp-content\/uploads\/2023\/04\/\u30df\u30cb\u30e7\u30f3\u69d8\u30d8\u30c3\u30c9\u30b9\u30d1\u30cb\u30e5\u30fc-1900-\u00d7-900-px.png 1900w\" sizes=\"auto, (max-width: 1024px) 100vw, 1024px\" \/><\/figure>\n<\/div>\n\n\n<div style=\"height:22px\" aria-hidden=\"true\" class=\"wp-block-spacer\"><\/div>\n\n\n\n<figure class=\"wp-block-image alignwide size-large\"><img loading=\"lazy\" decoding=\"async\" width=\"1024\" height=\"81\" src=\"https:\/\/www.mignon.miyoshiya-dx-service.com\/wp-content\/uploads\/2023\/04\/mignon-\u30a2\u30af\u30bb\u30b9-1900-\u00d7-150-px-1024x81.png\" alt=\"\" class=\"wp-image-261\" srcset=\"https:\/\/www.mignon.miyoshiya-dx-service.com\/wp-content\/uploads\/2023\/04\/mignon-\u30a2\u30af\u30bb\u30b9-1900-\u00d7-150-px-1024x81.png 1024w, https:\/\/www.mignon.miyoshiya-dx-service.com\/wp-content\/uploads\/2023\/04\/mignon-\u30a2\u30af\u30bb\u30b9-1900-\u00d7-150-px-300x24.png 300w, https:\/\/www.mignon.miyoshiya-dx-service.com\/wp-content\/uploads\/2023\/04\/mignon-\u30a2\u30af\u30bb\u30b9-1900-\u00d7-150-px-768x61.png 768w, https:\/\/www.mignon.miyoshiya-dx-service.com\/wp-content\/uploads\/2023\/04\/mignon-\u30a2\u30af\u30bb\u30b9-1900-\u00d7-150-px-1536x121.png 1536w, https:\/\/www.mignon.miyoshiya-dx-service.com\/wp-content\/uploads\/2023\/04\/mignon-\u30a2\u30af\u30bb\u30b9-1900-\u00d7-150-px.png 1900w\" sizes=\"auto, (max-width: 1024px) 100vw, 1024px\" \/><\/figure>\n\n\n\n<div style=\"height:10px\" aria-hidden=\"true\" class=\"wp-block-spacer\"><\/div>\n\n\n\n<iframe src=\"https:\/\/www.google.com\/maps\/embed?pb=!1m18!1m12!1m3!1d889.3776320802803!2d139.70844869943969!3d35.64628921923859!2m3!1f0!2f0!3f0!3m2!1i1024!2i768!4f13.1!3m3!1m2!1s0x60188b40e868d3f5%3A0x794f36d3bd942b74!2z44CSMTUwLTAwMjIg5p2x5Lqs6YO95riL6LC35Yy65oG15q-U5a-_5Y2X77yR5LiB55uu77yS4oiS77yWIOOCteODs-ODneOCpuaBteavlOWvv-ODk-ODqw!5e0!3m2!1sja!2sjp!4v1680771603351!5m2!1sja!2sjp\" width=\"100%\" height=\"450\" style=\"border:0;\" allowfullscreen=\"\" loading=\"lazy\" referrerpolicy=\"no-referrer-when-downgrade\"><\/iframe>\n","protected":false},"excerpt":{"rendered":"<p>\u5e97\u540d \u6075\u6bd4\u5bff\u306e\u7f8e\u5bb9\u5ba4\u3010Mignon\u3011\u307f\u306b\u3087\u3093 \u4f4f\u6240 \u3012150-0022&nbsp; \u6771\u4eac\u90fd\u6e0b\u8c37\u533a\u6075\u6bd4\u5bff\u53571-2-6\u30b5\u30f3\u30dd\u30a6 \u30a8\u30d3\u30b9\u30d3\u30eb2F \u6700\u5bc4\u99c5 JR\u7dda\u300c\u6075\u6bd4\u5bff\u99c5\u300d\u5f92\u6b692\u5206\u65e5\u6bd4\u8c37\u7dda\u300c\u6075\u6bd4\u5bff\u99c5\u300d5\u756a\u51fa\u53e3 \u5f92\u6b691\u5206 \u96fb\u8a71\u756a [&hellip;]<\/p>\n","protected":false},"author":1,"featured_media":0,"parent":0,"menu_order":0,"comment_status":"closed","ping_status":"closed","template":"","meta":{"vkexunit_cta_each_option":"","footnotes":""},"class_list":["post-33","page","type-page","status-publish","hentry"],"_links":{"self":[{"href":"https:\/\/www.mignon.miyoshiya-dx-service.com\/index.php?rest_route=\/wp\/v2\/pages\/33","targetHints":{"allow":["GET"]}}],"collection":[{"href":"https:\/\/www.mignon.miyoshiya-dx-service.com\/index.php?rest_route=\/wp\/v2\/pages"}],"about":[{"href":"https:\/\/www.mignon.miyoshiya-dx-service.com\/index.php?rest_route=\/wp\/v2\/types\/page"}],"author":[{"embeddable":true,"href":"https:\/\/www.mignon.miyoshiya-dx-service.com\/index.php?rest_route=\/wp\/v2\/users\/1"}],"replies":[{"embeddable":true,"href":"https:\/\/www.mignon.miyoshiya-dx-service.com\/index.php?rest_route=%2Fwp%2Fv2%2Fcomments&post=33"}],"version-history":[{"count":139,"href":"https:\/\/www.mignon.miyoshiya-dx-service.com\/index.php?rest_route=\/wp\/v2\/pages\/33\/revisions"}],"predecessor-version":[{"id":331,"href":"https:\/\/www.mignon.miyoshiya-dx-service.com\/index.php?rest_route=\/wp\/v2\/pages\/33\/revisions\/331"}],"wp:attachment":[{"href":"https:\/\/www.mignon.miyoshiya-dx-service.com\/index.php?rest_route=%2Fwp%2Fv2%2Fmedia&parent=33"}],"curies":[{"name":"wp","href":"https:\/\/api.w.org\/{rel}","templated":true}]}}